{"id":1024,"date":"2025-02-13T10:18:41","date_gmt":"2025-02-13T09:18:41","guid":{"rendered":"https:\/\/studiowaiwai.fr\/?post_type=product&#038;p=1024"},"modified":"2025-02-13T10:20:09","modified_gmt":"2025-02-13T09:20:09","slug":"banana-rose-carte-2","status":"publish","type":"product","link":"https:\/\/studiowaiwai.fr\/index.php\/product\/banana-rose-carte-2\/","title":{"rendered":"Banana Rose | carte"},"content":{"rendered":"<p>Impression maison<br \/>\n<strong>\u2022 format A6 sur papier mat 240gr<\/strong><\/p>\n<p>A noter \u203a l\u2019illustration est pr\u00e9sent\u00e9e de mani\u00e8re aussi pr\u00e9cise que possible mais des variations de couleurs peuvent exister notamment en raison de la qualit\u00e9 d&rsquo;affichage des couleurs sur l&rsquo;\u00e9cran de l&rsquo;utilisateur.<\/p>\n<p class=\"p1 preFlex flexIn\" data-rte-preserve-empty=\"true\">Chaque commande est pr\u00e9par\u00e9e \u00e0 la main par mes soins et envoy\u00e9e depuis L\u00e8ge Cap Ferret en Colissimo.<\/p>\n","protected":false},"excerpt":{"rendered":"<p>Impression maison<br \/>\n<strong>\u2022<\/strong> format A6 sur papier mat 240gr<\/p>\n","protected":false},"featured_media":1010,"comment_status":"open","ping_status":"closed","template":"","meta":{"om_disable_all_campaigns":false,"_monsterinsights_skip_tracking":false,"_monsterinsights_sitenote_active":false,"_monsterinsights_sitenote_note":"","_monsterinsights_sitenote_category":0},"product_brand":[],"product_cat":[26,27],"product_tag":[],"class_list":{"0":"post-1024","1":"product","2":"type-product","3":"status-publish","4":"has-post-thumbnail","6":"product_cat-uncategorized","7":"product_cat-cartes","9":"entry","10":"has-media","12":"first","13":"instock","14":"shipping-taxable","15":"purchasable","16":"product-type-simple","17":"has-product-nav","18":"col","19":"span_1_of_4","20":"owp-content-left","21":"owp-thumbs-layout-horizontal","22":"owp-btn-normal","23":"owp-tabs-layout-horizontal"},"yoast_head":"<!-- This site is optimized with the Yoast SEO plugin v21.7 - https:\/\/yoast.com\/wordpress\/plugins\/seo\/ -->\n<title>Banana Rose | carte - Studiowa\u00efwa\u00ef<\/title>\n<meta name=\"robots\" content=\"index, follow, max-snippet:-1, max-image-preview:large, max-video-preview:-1\" \/>\n<link rel=\"canonical\" href=\"https:\/\/studiowaiwai.fr\/index.php\/product\/banana-rose-carte-2\/\" \/>\n<meta property=\"og:locale\" content=\"fr_FR\" \/>\n<meta property=\"og:type\" content=\"article\" \/>\n<meta property=\"og:title\" content=\"Banana Rose | carte - Studiowa\u00efwa\u00ef\" \/>\n<meta property=\"og:description\" content=\"Impression maison \u2022 format A6 sur papier mat 240gr\" \/>\n<meta property=\"og:url\" content=\"https:\/\/studiowaiwai.fr\/index.php\/product\/banana-rose-carte-2\/\" \/>\n<meta property=\"og:site_name\" content=\"Studiowa\u00efwa\u00ef\" \/>\n<meta property=\"article:modified_time\" content=\"2025-02-13T09:20:09+00:00\" \/>\n<meta property=\"og:image\" content=\"http:\/\/studiowaiwai.fr\/wp-content\/uploads\/2025\/02\/Illus_A6_mockup_banana-rose.png\" \/>\n\t<meta property=\"og:image:width\" content=\"1385\" \/>\n\t<meta property=\"og:image:height\" content=\"1239\" \/>\n\t<meta property=\"og:image:type\" content=\"image\/png\" \/>\n<meta name=\"twitter:card\" content=\"summary_large_image\" \/>\n<meta name=\"twitter:label1\" content=\"Dur\u00e9e de lecture estim\u00e9e\" \/>\n\t<meta name=\"twitter:data1\" content=\"1 minute\" \/>\n<script type=\"application\/ld+json\" class=\"yoast-schema-graph\">{\"@context\":\"https:\/\/schema.org\",\"@graph\":[{\"@type\":\"WebPage\",\"@id\":\"https:\/\/studiowaiwai.fr\/index.php\/product\/banana-rose-carte-2\/\",\"url\":\"https:\/\/studiowaiwai.fr\/index.php\/product\/banana-rose-carte-2\/\",\"name\":\"Banana Rose | carte - Studiowa\u00efwa\u00ef\",\"isPartOf\":{\"@id\":\"https:\/\/studiowaiwai.fr\/#website\"},\"datePublished\":\"2025-02-13T09:18:41+00:00\",\"dateModified\":\"2025-02-13T09:20:09+00:00\",\"breadcrumb\":{\"@id\":\"https:\/\/studiowaiwai.fr\/index.php\/product\/banana-rose-carte-2\/#breadcrumb\"},\"inLanguage\":\"fr-FR\",\"potentialAction\":[{\"@type\":\"ReadAction\",\"target\":[\"https:\/\/studiowaiwai.fr\/index.php\/product\/banana-rose-carte-2\/\"]}]},{\"@type\":\"BreadcrumbList\",\"@id\":\"https:\/\/studiowaiwai.fr\/index.php\/product\/banana-rose-carte-2\/#breadcrumb\",\"itemListElement\":[{\"@type\":\"ListItem\",\"position\":1,\"name\":\"Accueil\",\"item\":\"https:\/\/studiowaiwai.fr\/\"},{\"@type\":\"ListItem\",\"position\":2,\"name\":\"Shop\",\"item\":\"https:\/\/studiowaiwai.fr\/index.php\/shop\/\"},{\"@type\":\"ListItem\",\"position\":3,\"name\":\"Banana Rose | carte\"}]},{\"@type\":\"WebSite\",\"@id\":\"https:\/\/studiowaiwai.fr\/#website\",\"url\":\"https:\/\/studiowaiwai.fr\/\",\"name\":\"Studiowa\u00efwa\u00ef\",\"description\":\"Un site utilisant WordPress\",\"publisher\":{\"@id\":\"https:\/\/studiowaiwai.fr\/#organization\"},\"potentialAction\":[{\"@type\":\"SearchAction\",\"target\":{\"@type\":\"EntryPoint\",\"urlTemplate\":\"https:\/\/studiowaiwai.fr\/?s={search_term_string}\"},\"query-input\":\"required name=search_term_string\"}],\"inLanguage\":\"fr-FR\"},{\"@type\":\"Organization\",\"@id\":\"https:\/\/studiowaiwai.fr\/#organization\",\"name\":\"Studiowa\u00efwa\u00ef\",\"url\":\"https:\/\/studiowaiwai.fr\/\",\"logo\":{\"@type\":\"ImageObject\",\"inLanguage\":\"fr-FR\",\"@id\":\"https:\/\/studiowaiwai.fr\/#\/schema\/logo\/image\/\",\"url\":\"https:\/\/studiowaiwai.fr\/wp-content\/uploads\/2023\/12\/cropped-Logo-secondaire-Sapin-03.png\",\"contentUrl\":\"https:\/\/studiowaiwai.fr\/wp-content\/uploads\/2023\/12\/cropped-Logo-secondaire-Sapin-03.png\",\"width\":2704,\"height\":451,\"caption\":\"Studiowa\u00efwa\u00ef\"},\"image\":{\"@id\":\"https:\/\/studiowaiwai.fr\/#\/schema\/logo\/image\/\"}}]}<\/script>\n<!-- \/ Yoast SEO plugin. -->","yoast_head_json":{"title":"Banana Rose | carte - Studiowa\u00efwa\u00ef","robots":{"index":"index","follow":"follow","max-snippet":"max-snippet:-1","max-image-preview":"max-image-preview:large","max-video-preview":"max-video-preview:-1"},"canonical":"https:\/\/studiowaiwai.fr\/index.php\/product\/banana-rose-carte-2\/","og_locale":"fr_FR","og_type":"article","og_title":"Banana Rose | carte - Studiowa\u00efwa\u00ef","og_description":"Impression maison \u2022 format A6 sur papier mat 240gr","og_url":"https:\/\/studiowaiwai.fr\/index.php\/product\/banana-rose-carte-2\/","og_site_name":"Studiowa\u00efwa\u00ef","article_modified_time":"2025-02-13T09:20:09+00:00","og_image":[{"width":1385,"height":1239,"url":"http:\/\/studiowaiwai.fr\/wp-content\/uploads\/2025\/02\/Illus_A6_mockup_banana-rose.png","type":"image\/png"}],"twitter_card":"summary_large_image","twitter_misc":{"Dur\u00e9e de lecture estim\u00e9e":"1 minute"},"schema":{"@context":"https:\/\/schema.org","@graph":[{"@type":"WebPage","@id":"https:\/\/studiowaiwai.fr\/index.php\/product\/banana-rose-carte-2\/","url":"https:\/\/studiowaiwai.fr\/index.php\/product\/banana-rose-carte-2\/","name":"Banana Rose | carte - Studiowa\u00efwa\u00ef","isPartOf":{"@id":"https:\/\/studiowaiwai.fr\/#website"},"datePublished":"2025-02-13T09:18:41+00:00","dateModified":"2025-02-13T09:20:09+00:00","breadcrumb":{"@id":"https:\/\/studiowaiwai.fr\/index.php\/product\/banana-rose-carte-2\/#breadcrumb"},"inLanguage":"fr-FR","potentialAction":[{"@type":"ReadAction","target":["https:\/\/studiowaiwai.fr\/index.php\/product\/banana-rose-carte-2\/"]}]},{"@type":"BreadcrumbList","@id":"https:\/\/studiowaiwai.fr\/index.php\/product\/banana-rose-carte-2\/#breadcrumb","itemListElement":[{"@type":"ListItem","position":1,"name":"Accueil","item":"https:\/\/studiowaiwai.fr\/"},{"@type":"ListItem","position":2,"name":"Shop","item":"https:\/\/studiowaiwai.fr\/index.php\/shop\/"},{"@type":"ListItem","position":3,"name":"Banana Rose | carte"}]},{"@type":"WebSite","@id":"https:\/\/studiowaiwai.fr\/#website","url":"https:\/\/studiowaiwai.fr\/","name":"Studiowa\u00efwa\u00ef","description":"Un site utilisant WordPress","publisher":{"@id":"https:\/\/studiowaiwai.fr\/#organization"},"potentialAction":[{"@type":"SearchAction","target":{"@type":"EntryPoint","urlTemplate":"https:\/\/studiowaiwai.fr\/?s={search_term_string}"},"query-input":"required name=search_term_string"}],"inLanguage":"fr-FR"},{"@type":"Organization","@id":"https:\/\/studiowaiwai.fr\/#organization","name":"Studiowa\u00efwa\u00ef","url":"https:\/\/studiowaiwai.fr\/","logo":{"@type":"ImageObject","inLanguage":"fr-FR","@id":"https:\/\/studiowaiwai.fr\/#\/schema\/logo\/image\/","url":"https:\/\/studiowaiwai.fr\/wp-content\/uploads\/2023\/12\/cropped-Logo-secondaire-Sapin-03.png","contentUrl":"https:\/\/studiowaiwai.fr\/wp-content\/uploads\/2023\/12\/cropped-Logo-secondaire-Sapin-03.png","width":2704,"height":451,"caption":"Studiowa\u00efwa\u00ef"},"image":{"@id":"https:\/\/studiowaiwai.fr\/#\/schema\/logo\/image\/"}}]}},"_links":{"self":[{"href":"https:\/\/studiowaiwai.fr\/index.php\/wp-json\/wp\/v2\/product\/1024","targetHints":{"allow":["GET"]}}],"collection":[{"href":"https:\/\/studiowaiwai.fr\/index.php\/wp-json\/wp\/v2\/product"}],"about":[{"href":"https:\/\/studiowaiwai.fr\/index.php\/wp-json\/wp\/v2\/types\/product"}],"replies":[{"embeddable":true,"href":"https:\/\/studiowaiwai.fr\/index.php\/wp-json\/wp\/v2\/comments?post=1024"}],"wp:featuredmedia":[{"embeddable":true,"href":"https:\/\/studiowaiwai.fr\/index.php\/wp-json\/wp\/v2\/media\/1010"}],"wp:attachment":[{"href":"https:\/\/studiowaiwai.fr\/index.php\/wp-json\/wp\/v2\/media?parent=1024"}],"wp:term":[{"taxonomy":"product_brand","embeddable":true,"href":"https:\/\/studiowaiwai.fr\/index.php\/wp-json\/wp\/v2\/product_brand?post=1024"},{"taxonomy":"product_cat","embeddable":true,"href":"https:\/\/studiowaiwai.fr\/index.php\/wp-json\/wp\/v2\/product_cat?post=1024"},{"taxonomy":"product_tag","embeddable":true,"href":"https:\/\/studiowaiwai.fr\/index.php\/wp-json\/wp\/v2\/product_tag?post=1024"}],"curies":[{"name":"wp","href":"https:\/\/api.w.org\/{rel}","templated":true}]}}