{"id":34,"date":"2023-12-12T14:03:48","date_gmt":"2023-12-12T13:03:48","guid":{"rendered":"https:\/\/studiowaiwai.fr\/?page_id=34"},"modified":"2024-02-14T22:44:21","modified_gmt":"2024-02-14T21:44:21","slug":"projets","status":"publish","type":"page","link":"https:\/\/studiowaiwai.fr\/index.php\/projets\/","title":{"rendered":"Projets"},"content":{"rendered":"\t\t<div data-elementor-type=\"wp-page\" data-elementor-id=\"34\" class=\"elementor elementor-34\">\n\t\t\t\t\t\t\t<div class=\"elementor-element elementor-element-f6c5547 e-flex e-con-boxed e-con e-parent\" data-id=\"f6c5547\" data-element_type=\"container\" data-settings=\"{&quot;content_width&quot;:&quot;boxed&quot;}\" data-core-v316-plus=\"true\">\n\t\t\t\t\t<div class=\"e-con-inner\">\n\t\t\t\t<div class=\"elementor-element elementor-element-04f8afc elementor-widget elementor-widget-heading\" data-id=\"04f8afc\" data-element_type=\"widget\" data-widget_type=\"heading.default\">\n\t\t\t\t<div class=\"elementor-widget-container\">\n\t\t\t<style>\/*! elementor - v3.18.0 - 08-12-2023 *\/\n.elementor-heading-title{padding:0;margin:0;line-height:1}.elementor-widget-heading .elementor-heading-title[class*=elementor-size-]>a{color:inherit;font-size:inherit;line-height:inherit}.elementor-widget-heading .elementor-heading-title.elementor-size-small{font-size:15px}.elementor-widget-heading .elementor-heading-title.elementor-size-medium{font-size:19px}.elementor-widget-heading .elementor-heading-title.elementor-size-large{font-size:29px}.elementor-widget-heading .elementor-heading-title.elementor-size-xl{font-size:39px}.elementor-widget-heading .elementor-heading-title.elementor-size-xxl{font-size:59px}<\/style><h3 class=\"elementor-heading-title elementor-size-default\">Page en construction<\/h3>\t\t<\/div>\n\t\t\t\t<\/div>\n\t\t\t\t\t<\/div>\n\t\t\t\t<\/div>\n\t\t\t\t\t\t\t<\/div>\n\t\t","protected":false},"excerpt":{"rendered":"<p>Page en construction<\/p>\n","protected":false},"author":1,"featured_media":0,"parent":0,"menu_order":0,"comment_status":"closed","ping_status":"closed","template":"","meta":{"om_disable_all_campaigns":false,"_monsterinsights_skip_tracking":false,"_monsterinsights_sitenote_active":false,"_monsterinsights_sitenote_note":"","_monsterinsights_sitenote_category":0,"footnotes":""},"class_list":["post-34","page","type-page","status-publish","hentry","entry","owp-thumbs-layout-horizontal","owp-btn-normal","owp-tabs-layout-horizontal","has-no-thumbnails","has-product-nav"],"yoast_head":"<!-- This site is optimized with the Yoast SEO plugin v21.7 - https:\/\/yoast.com\/wordpress\/plugins\/seo\/ -->\n<title>Projets - Studiowa\u00efwa\u00ef<\/title>\n<meta name=\"robots\" content=\"index, follow, max-snippet:-1, max-image-preview:large, max-video-preview:-1\" \/>\n<link rel=\"canonical\" href=\"https:\/\/studiowaiwai.fr\/index.php\/projets\/\" \/>\n<meta property=\"og:locale\" content=\"fr_FR\" \/>\n<meta property=\"og:type\" content=\"article\" \/>\n<meta property=\"og:title\" content=\"Projets - Studiowa\u00efwa\u00ef\" \/>\n<meta property=\"og:description\" content=\"Page en construction\" \/>\n<meta property=\"og:url\" content=\"https:\/\/studiowaiwai.fr\/index.php\/projets\/\" \/>\n<meta property=\"og:site_name\" content=\"Studiowa\u00efwa\u00ef\" \/>\n<meta property=\"article:modified_time\" content=\"2024-02-14T21:44:21+00:00\" \/>\n<meta name=\"twitter:card\" content=\"summary_large_image\" \/>\n<meta name=\"twitter:label1\" content=\"Dur\u00e9e de lecture estim\u00e9e\" \/>\n\t<meta name=\"twitter:data1\" content=\"1 minute\" \/>\n<script type=\"application\/ld+json\" class=\"yoast-schema-graph\">{\"@context\":\"https:\/\/schema.org\",\"@graph\":[{\"@type\":\"WebPage\",\"@id\":\"https:\/\/studiowaiwai.fr\/index.php\/projets\/\",\"url\":\"https:\/\/studiowaiwai.fr\/index.php\/projets\/\",\"name\":\"Projets - Studiowa\u00efwa\u00ef\",\"isPartOf\":{\"@id\":\"https:\/\/studiowaiwai.fr\/#website\"},\"datePublished\":\"2023-12-12T13:03:48+00:00\",\"dateModified\":\"2024-02-14T21:44:21+00:00\",\"breadcrumb\":{\"@id\":\"https:\/\/studiowaiwai.fr\/index.php\/projets\/#breadcrumb\"},\"inLanguage\":\"fr-FR\",\"potentialAction\":[{\"@type\":\"ReadAction\",\"target\":[\"https:\/\/studiowaiwai.fr\/index.php\/projets\/\"]}]},{\"@type\":\"BreadcrumbList\",\"@id\":\"https:\/\/studiowaiwai.fr\/index.php\/projets\/#breadcrumb\",\"itemListElement\":[{\"@type\":\"ListItem\",\"position\":1,\"name\":\"Accueil\",\"item\":\"https:\/\/studiowaiwai.fr\/\"},{\"@type\":\"ListItem\",\"position\":2,\"name\":\"Projets\"}]},{\"@type\":\"WebSite\",\"@id\":\"https:\/\/studiowaiwai.fr\/#website\",\"url\":\"https:\/\/studiowaiwai.fr\/\",\"name\":\"Studiowa\u00efwa\u00ef\",\"description\":\"Un site utilisant WordPress\",\"publisher\":{\"@id\":\"https:\/\/studiowaiwai.fr\/#organization\"},\"potentialAction\":[{\"@type\":\"SearchAction\",\"target\":{\"@type\":\"EntryPoint\",\"urlTemplate\":\"https:\/\/studiowaiwai.fr\/?s={search_term_string}\"},\"query-input\":\"required name=search_term_string\"}],\"inLanguage\":\"fr-FR\"},{\"@type\":\"Organization\",\"@id\":\"https:\/\/studiowaiwai.fr\/#organization\",\"name\":\"Studiowa\u00efwa\u00ef\",\"url\":\"https:\/\/studiowaiwai.fr\/\",\"logo\":{\"@type\":\"ImageObject\",\"inLanguage\":\"fr-FR\",\"@id\":\"https:\/\/studiowaiwai.fr\/#\/schema\/logo\/image\/\",\"url\":\"https:\/\/studiowaiwai.fr\/wp-content\/uploads\/2023\/12\/cropped-Logo-secondaire-Sapin-03.png\",\"contentUrl\":\"https:\/\/studiowaiwai.fr\/wp-content\/uploads\/2023\/12\/cropped-Logo-secondaire-Sapin-03.png\",\"width\":2704,\"height\":451,\"caption\":\"Studiowa\u00efwa\u00ef\"},\"image\":{\"@id\":\"https:\/\/studiowaiwai.fr\/#\/schema\/logo\/image\/\"}}]}<\/script>\n<!-- \/ Yoast SEO plugin. -->","yoast_head_json":{"title":"Projets - Studiowa\u00efwa\u00ef","robots":{"index":"index","follow":"follow","max-snippet":"max-snippet:-1","max-image-preview":"max-image-preview:large","max-video-preview":"max-video-preview:-1"},"canonical":"https:\/\/studiowaiwai.fr\/index.php\/projets\/","og_locale":"fr_FR","og_type":"article","og_title":"Projets - Studiowa\u00efwa\u00ef","og_description":"Page en construction","og_url":"https:\/\/studiowaiwai.fr\/index.php\/projets\/","og_site_name":"Studiowa\u00efwa\u00ef","article_modified_time":"2024-02-14T21:44:21+00:00","twitter_card":"summary_large_image","twitter_misc":{"Dur\u00e9e de lecture estim\u00e9e":"1 minute"},"schema":{"@context":"https:\/\/schema.org","@graph":[{"@type":"WebPage","@id":"https:\/\/studiowaiwai.fr\/index.php\/projets\/","url":"https:\/\/studiowaiwai.fr\/index.php\/projets\/","name":"Projets - Studiowa\u00efwa\u00ef","isPartOf":{"@id":"https:\/\/studiowaiwai.fr\/#website"},"datePublished":"2023-12-12T13:03:48+00:00","dateModified":"2024-02-14T21:44:21+00:00","breadcrumb":{"@id":"https:\/\/studiowaiwai.fr\/index.php\/projets\/#breadcrumb"},"inLanguage":"fr-FR","potentialAction":[{"@type":"ReadAction","target":["https:\/\/studiowaiwai.fr\/index.php\/projets\/"]}]},{"@type":"BreadcrumbList","@id":"https:\/\/studiowaiwai.fr\/index.php\/projets\/#breadcrumb","itemListElement":[{"@type":"ListItem","position":1,"name":"Accueil","item":"https:\/\/studiowaiwai.fr\/"},{"@type":"ListItem","position":2,"name":"Projets"}]},{"@type":"WebSite","@id":"https:\/\/studiowaiwai.fr\/#website","url":"https:\/\/studiowaiwai.fr\/","name":"Studiowa\u00efwa\u00ef","description":"Un site utilisant WordPress","publisher":{"@id":"https:\/\/studiowaiwai.fr\/#organization"},"potentialAction":[{"@type":"SearchAction","target":{"@type":"EntryPoint","urlTemplate":"https:\/\/studiowaiwai.fr\/?s={search_term_string}"},"query-input":"required name=search_term_string"}],"inLanguage":"fr-FR"},{"@type":"Organization","@id":"https:\/\/studiowaiwai.fr\/#organization","name":"Studiowa\u00efwa\u00ef","url":"https:\/\/studiowaiwai.fr\/","logo":{"@type":"ImageObject","inLanguage":"fr-FR","@id":"https:\/\/studiowaiwai.fr\/#\/schema\/logo\/image\/","url":"https:\/\/studiowaiwai.fr\/wp-content\/uploads\/2023\/12\/cropped-Logo-secondaire-Sapin-03.png","contentUrl":"https:\/\/studiowaiwai.fr\/wp-content\/uploads\/2023\/12\/cropped-Logo-secondaire-Sapin-03.png","width":2704,"height":451,"caption":"Studiowa\u00efwa\u00ef"},"image":{"@id":"https:\/\/studiowaiwai.fr\/#\/schema\/logo\/image\/"}}]}},"_links":{"self":[{"href":"https:\/\/studiowaiwai.fr\/index.php\/wp-json\/wp\/v2\/pages\/34","targetHints":{"allow":["GET"]}}],"collection":[{"href":"https:\/\/studiowaiwai.fr\/index.php\/wp-json\/wp\/v2\/pages"}],"about":[{"href":"https:\/\/studiowaiwai.fr\/index.php\/wp-json\/wp\/v2\/types\/page"}],"author":[{"embeddable":true,"href":"https:\/\/studiowaiwai.fr\/index.php\/wp-json\/wp\/v2\/users\/1"}],"replies":[{"embeddable":true,"href":"https:\/\/studiowaiwai.fr\/index.php\/wp-json\/wp\/v2\/comments?post=34"}],"version-history":[{"count":40,"href":"https:\/\/studiowaiwai.fr\/index.php\/wp-json\/wp\/v2\/pages\/34\/revisions"}],"predecessor-version":[{"id":559,"href":"https:\/\/studiowaiwai.fr\/index.php\/wp-json\/wp\/v2\/pages\/34\/revisions\/559"}],"wp:attachment":[{"href":"https:\/\/studiowaiwai.fr\/index.php\/wp-json\/wp\/v2\/media?parent=34"}],"curies":[{"name":"wp","href":"https:\/\/api.w.org\/{rel}","templated":true}]}}